{"id":2203,"date":"2023-05-15T09:39:14","date_gmt":"2023-05-15T09:39:14","guid":{"rendered":"https:\/\/residenciageros.com\/?page_id=2203"},"modified":"2023-05-15T09:39:14","modified_gmt":"2023-05-15T09:39:14","slug":"estades-temporals","status":"publish","type":"page","link":"https:\/\/residenciageros.com\/ca\/estades-temporals\/","title":{"rendered":"Estades temporals"},"content":{"rendered":"<div class=\"wpb-content-wrapper\"><p>[vc_row css_animation=&#8221;element_from_bottom&#8221; row_type=&#8221;row&#8221; use_row_as_full_screen_section=&#8221;no&#8221; type=&#8221;grid&#8221; angled_section=&#8221;no&#8221; text_align=&#8221;left&#8221; background_image_as_pattern=&#8221;without_pattern&#8221; css=&#8221;.vc_custom_1681729133240{background-color: #41564e !important;}&#8221; z_index=&#8221;&#8221;][vc_column][vc_empty_space height=&#8221;60&#8243;][vc_column_text]<\/p>\n<h1 style=\"text-align: center;\"><span style=\"color: #ffffff;\"><strong>Estades temporals<\/strong><\/span><\/h1>\n<p>[\/vc_column_text][vc_separator type=&#8221;small&#8221; position=&#8221;center&#8221; color=&#8221;#ffffff&#8221; thickness=&#8221;1,5&#8243; width=&#8221;20&#8243;][\/vc_column][\/vc_row][vc_row css_animation=&#8221;&#8221; row_type=&#8221;row&#8221; use_row_as_full_screen_section=&#8221;no&#8221; type=&#8221;full_width&#8221; angled_section=&#8221;no&#8221; text_align=&#8221;left&#8221; background_image_as_pattern=&#8221;without_pattern&#8221; z_index=&#8221;&#8221;][vc_column][vc_empty_space height=&#8221;60px&#8221;][vc_column_text css=&#8221;.vc_custom_1684143483423{padding-right: 50px !important;padding-left: 50px !important;}&#8221;]<\/p>\n<p style=\"text-align: center;\"><span style=\"color: #333333;\">A la Resid\u00e8ncia\u00a0<span class=\"hiddenSpellError\">Geros<\/span>\u00a0oferim cures als nostres majors per a per\u00edodes determinats de temps.<\/span><\/p>\n<p>&nbsp;<\/p>\n<p style=\"text-align: center;\"><span style=\"color: #333333;\">Aquestes estades temporals estan pensades principalment per a:<\/span><\/p>\n<p>&nbsp;<\/p>\n<ul>\n<li style=\"text-align: center;\"><strong><span style=\"color: #333333;\">Per\u00edodes en qu\u00e8 la persona necessita fer rehabilitaci\u00f3<\/span><\/strong><\/li>\n<\/ul>\n<p>&nbsp;<\/p>\n<ul>\n<li style=\"text-align: center;\"><strong><span style=\"color: #333333;\">Per\u00edodes en qu\u00e8 el cuidador est\u00e0 absent<\/span><\/strong><\/li>\n<\/ul>\n<p>&nbsp;<\/p>\n<ul>\n<li style=\"text-align: center;\"><strong><span style=\"color: #333333;\">convalesc\u00e8ncies<\/span><\/strong><\/li>\n<\/ul>\n<p>&nbsp;<\/p>\n<ul>\n<li style=\"text-align: center;\"><strong><span style=\"color: #333333;\">I altres necessitats temporals que puguin sorgir<\/span><\/strong><\/li>\n<\/ul>\n<p>[\/vc_column_text][vc_empty_space height=&#8221;60px&#8221;][\/vc_column][\/vc_row][vc_row css_animation=&#8221;&#8221; row_type=&#8221;row&#8221; use_row_as_full_screen_section=&#8221;no&#8221; type=&#8221;full_width&#8221; angled_section=&#8221;no&#8221; text_align=&#8221;left&#8221; background_image_as_pattern=&#8221;without_pattern&#8221; z_index=&#8221;&#8221;][vc_column][vc_empty_space][\/vc_column][\/vc_row][vc_row css_animation=&#8221;&#8221; row_type=&#8221;row&#8221; use_row_as_full_screen_section=&#8221;no&#8221; type=&#8221;full_width&#8221; angled_section=&#8221;no&#8221; text_align=&#8221;left&#8221; background_image_as_pattern=&#8221;without_pattern&#8221; z_index=&#8221;&#8221; background_image=&#8221;2071&#8243;][vc_column][vc_empty_space height=&#8221;250px&#8221;][vc_column_text]<\/p>\n<div style=\"text-align: center;\">\n<h2 style=\"background: #ffffffe8; display: inline-block; padding: 0px 10px;\"><span style=\"color: #d66e50;\">SOLICITA M\u00c1S INFORMACI\u00d3N<\/span><\/h2>\n<p><a class=\"qbutton medium center enlarge\" style=\"color: #ffffff; border-color: #d66e50; background-color: #d66e50; padding-left: 23px; padding-right: 23px; margin-top: 20px;\" href=\"https:\/\/residenciageros.com\/contacto\/\" target=\"_self\" rel=\"noopener\" data-hover-background-color=\"#d66e50\" data-hover-border-color=\"#d66e50\" data-hover-color=\"#ffffff\">A TRAV\u00c9S DEL FORMULARIO DE CONTACTO \u00bb<\/a><\/p>\n<\/div>\n<p>[\/vc_column_text][vc_empty_space height=&#8221;250&#8243;][\/vc_column][\/vc_row]<\/p>\n<\/div>","protected":false},"excerpt":{"rendered":"<p>[vc_row css_animation=&#8221;element_from_bottom&#8221; row_type=&#8221;row&#8221; use_row_as_full_screen_section=&#8221;no&#8221; type=&#8221;grid&#8221; angled_section=&#8221;no&#8221; text_align=&#8221;left&#8221; background_image_as_pattern=&#8221;without_pattern&#8221; css=&#8221;.vc_custom_1681729133240{background-color: #41564e !important;}&#8221; z_index=&#8221;&#8221;][vc_column][vc_empty_space height=&#8221;60&#8243;][vc_column_text] Estades temporals [\/vc_column_text][vc_separator type=&#8221;small&#8221; position=&#8221;center&#8221; color=&#8221;#ffffff&#8221; thickness=&#8221;1,5&#8243; width=&#8221;20&#8243;][\/vc_column][\/vc_row][vc_row css_animation=&#8221;&#8221; row_type=&#8221;row&#8221; use_row_as_full_screen_section=&#8221;no&#8221; type=&#8221;full_width&#8221; angled_section=&#8221;no&#8221; text_align=&#8221;left&#8221; background_image_as_pattern=&#8221;without_pattern&#8221; z_index=&#8221;&#8221;][vc_column][vc_empty_space height=&#8221;60px&#8221;][vc_column_text css=&#8221;.vc_custom_1684143483423{padding-right: 50px !important;padding-left: 50px !important;}&#8221;] A la Resid\u00e8ncia\u00a0Geros\u00a0oferim cures als nostres majors per a per\u00edodes&#8230;<\/p>\n","protected":false},"author":2,"featured_media":0,"parent":0,"menu_order":0,"comment_status":"closed","ping_status":"closed","template":"full_width.php","meta":{"footnotes":""},"yst_prominent_words":[],"class_list":["post-2203","page","type-page","status-publish","hentry"],"_links":{"self":[{"href":"https:\/\/residenciageros.com\/ca\/wp-json\/wp\/v2\/pages\/2203","targetHints":{"allow":["GET"]}}],"collection":[{"href":"https:\/\/residenciageros.com\/ca\/wp-json\/wp\/v2\/pages"}],"about":[{"href":"https:\/\/residenciageros.com\/ca\/wp-json\/wp\/v2\/types\/page"}],"author":[{"embeddable":true,"href":"https:\/\/residenciageros.com\/ca\/wp-json\/wp\/v2\/users\/2"}],"replies":[{"embeddable":true,"href":"https:\/\/residenciageros.com\/ca\/wp-json\/wp\/v2\/comments?post=2203"}],"version-history":[{"count":2,"href":"https:\/\/residenciageros.com\/ca\/wp-json\/wp\/v2\/pages\/2203\/revisions"}],"predecessor-version":[{"id":2210,"href":"https:\/\/residenciageros.com\/ca\/wp-json\/wp\/v2\/pages\/2203\/revisions\/2210"}],"wp:attachment":[{"href":"https:\/\/residenciageros.com\/ca\/wp-json\/wp\/v2\/media?parent=2203"}],"wp:term":[{"taxonomy":"yst_prominent_words","embeddable":true,"href":"https:\/\/residenciageros.com\/ca\/wp-json\/wp\/v2\/yst_prominent_words?post=2203"}],"curies":[{"name":"wp","href":"https:\/\/api.w.org\/{rel}","templated":true}]}}