{"id":951,"date":"2021-06-03T12:29:07","date_gmt":"2021-06-03T12:29:07","guid":{"rendered":"https:\/\/residenciageros.com\/?page_id=951"},"modified":"2023-07-03T15:03:17","modified_gmt":"2023-07-03T15:03:17","slug":"serveis","status":"publish","type":"page","link":"https:\/\/residenciageros.com\/ca\/serveis\/","title":{"rendered":"Serveis"},"content":{"rendered":"<div class=\"wpb-content-wrapper\"><p>[vc_row css_animation=&#8221;element_from_bottom&#8221; row_type=&#8221;row&#8221; use_row_as_full_screen_section=&#8221;no&#8221; type=&#8221;full_width&#8221; angled_section=&#8221;no&#8221; text_align=&#8221;left&#8221; background_image_as_pattern=&#8221;without_pattern&#8221; css=&#8221;.vc_custom_1669116730352{background-color: #41564e !important;}&#8221; z_index=&#8221;&#8221;][vc_column][vc_empty_space height=&#8221;60&#8243;][vc_column_text]<\/p>\n<h1 style=\"text-align: center;\"><span style=\"color: #ffffff;\"><strong>Serveis<\/strong><\/span><\/h1>\n<p>[\/vc_column_text][vc_separator type=&#8221;small&#8221; position=&#8221;center&#8221; color=&#8221;#ffffff&#8221; thickness=&#8221;1,5&#8243; width=&#8221;20&#8243;][\/vc_column][\/vc_row][vc_row css_animation=&#8221;&#8221; row_type=&#8221;row&#8221; use_row_as_full_screen_section=&#8221;no&#8221; type=&#8221;full_width&#8221; angled_section=&#8221;no&#8221; text_align=&#8221;left&#8221; background_image_as_pattern=&#8221;without_pattern&#8221; z_index=&#8221;&#8221;][vc_column][vc_empty_space height=&#8221;60px&#8221;][vc_column_text css=&#8221;.vc_custom_1678287024441{padding-right: 50px !important;padding-left: 50px !important;}&#8221;]<span style=\"color: #333333;\">A<strong> la resid\u00e8ncia\u00a0<span class=\"hiddenSpellError\">Geros<\/span>\u00a0oferim i complementem uns serveis personalitzats, adaptats a les necessitats de cada client, en funci\u00f3 de les seves caracter\u00edstiques concretes<\/strong>, per\u00f2 sempre fomentant al m\u00e0xim possible la seva autonomia personal. Som conscients que l&#8217;<span class=\"hiddenSpellError\">ACP<\/span>\u00a0(Atenci\u00f3 Centrada a la Persona) \u00e9s essencial per a la correcta atenci\u00f3 dels nostres usuaris, sobretot a l&#8217;hora de poder oferir el necessari per a la felicitat dels nostres grans. Per aix\u00f2 portem aplicant l&#8217;<span class=\"hiddenSpellError\">ACP<\/span>\u00a0des de l&#8217;inici.<\/span><\/p>\n<p>&nbsp;<\/p>\n<p><span style=\"color: #333333;\">Per\u00f2 la nostra atenci\u00f3 va m\u00e9s enll\u00e0 de l&#8217;<span class=\"hiddenSpellError\">ACP<\/span>\u00a0(Atenci\u00f3 Centrada a la Persona), perqu\u00e8 el que busquem a\u00a0<span class=\"hiddenSpellError\">Geros<\/span>\u00a0\u00e9s ajudar el Sr. Josep, que t\u00e9\u00a0<span class=\"hiddenGreenError\">86<\/span>\u00a0anys i tota la vida havia estat carter perqu\u00e8, en el fons, li hagu\u00e9s agradat ser escriptor; ajudar la Sra. Montse, que t\u00e9\u00a0<span class=\"hiddenGreenError\">91<\/span>\u00a0anys i que havia estat infermera a l&#8217;Hospital de Bellvitge i li encanta aconsellar el nostre personal; o ajudar la Sra. Pilar, que t\u00e9\u00a0<span class=\"hiddenGreenError\">88<\/span>\u00a0anys i acaba de descobrir una passi\u00f3 amagada, la de pintar quadres de la ciutat de Barcelona&#8230;<\/span><\/p>\n<p>&nbsp;<\/p>\n<p><span style=\"color: #333333;\"><strong>El fet que tinguem, a m\u00e9s, un total de 25 places, \u00e9s sin\u00f2nim d&#8217;atenci\u00f3 personalitzada i immediata<\/strong>, amb una r\u00e0tio de personal superior al que ens exigeixen els est\u00e0ndards de la Generalitat de Catalunya.<\/span><\/p>\n<p>&nbsp;<\/p>\n<p><span style=\"color: #333333;\">Tant si els usuaris i residents s\u00f3n aut\u00f2noms (\u00e9s a dir, que mantenen un nivell d&#8217;independ\u00e8ncia for\u00e7a alt) com assistits (\u00e9s a dir, que requereixen for\u00e7a ajudes i assist\u00e8ncia per a la realitzaci\u00f3 de les activitats de la vida di\u00e0ria), <strong>procurem que en les nostres instal\u00b7lacions trobin tot el necessari per al seu benestar<\/strong>. A m\u00e9s, posem \u00e8mfasi en la millor de les seleccions de personal, ja que la clau d&#8217;una bona atenci\u00f3, <strong>a m\u00e9s d&#8217;unes excel\u00b7lents instal\u00b7lacions, est\u00e0 en els professionals que prestin el seu servei i atencions a la Resid\u00e8ncia\u00a0<span class=\"hiddenSpellError\">Geros<\/span>.<\/strong><\/span>[\/vc_column_text][vc_empty_space height=&#8221;60px&#8221;][\/vc_column][\/vc_row][vc_row css_animation=&#8221;&#8221; row_type=&#8221;row&#8221; use_row_as_full_screen_section=&#8221;no&#8221; type=&#8221;full_width&#8221; angled_section=&#8221;no&#8221; text_align=&#8221;left&#8221; background_image_as_pattern=&#8221;without_pattern&#8221; css=&#8221;.vc_custom_1669116819361{background-color: #41564e !important;}&#8221; z_index=&#8221;&#8221;][vc_column][vc_empty_space][\/vc_column][\/vc_row][vc_row css_animation=&#8221;&#8221; row_type=&#8221;row&#8221; use_row_as_full_screen_section=&#8221;no&#8221; type=&#8221;grid&#8221; angled_section=&#8221;no&#8221; text_align=&#8221;left&#8221; background_image_as_pattern=&#8221;without_pattern&#8221; css=&#8221;.vc_custom_1669116836539{background-color: #41564e !important;}&#8221; z_index=&#8221;&#8221;][vc_column width=&#8221;1\/2&#8243;][vc_single_image image=&#8221;2015&#8243; img_size=&#8221;530X590&#8243; alignment=&#8221;center&#8221; qode_css_animation=&#8221;&#8221; qode_hover_animation=&#8221;zoom_in&#8221;][vc_empty_space height=&#8221;10&#8243;][\/vc_column][vc_column width=&#8221;1\/2&#8243;][vc_single_image image=&#8221;2011&#8243; img_size=&#8221;530&#215;290&#8243; qode_css_animation=&#8221;&#8221; qode_hover_animation=&#8221;zoom_in&#8221;][vc_empty_space height=&#8221;10&#8243;][vc_single_image image=&#8221;2029&#8243; img_size=&#8221;530&#215;290&#8243; qode_css_animation=&#8221;&#8221; qode_hover_animation=&#8221;zoom_in&#8221;][vc_empty_space height=&#8221;10&#8243;][\/vc_column][\/vc_row][vc_row css_animation=&#8221;&#8221; row_type=&#8221;row&#8221; use_row_as_full_screen_section=&#8221;no&#8221; type=&#8221;full_width&#8221; angled_section=&#8221;no&#8221; text_align=&#8221;left&#8221; background_image_as_pattern=&#8221;without_pattern&#8221; css=&#8221;.vc_custom_1669116964833{background-color: #41564e !important;}&#8221; z_index=&#8221;&#8221;][vc_column][vc_empty_space][\/vc_column][\/vc_row][vc_row css_animation=&#8221;&#8221; row_type=&#8221;row&#8221; use_row_as_full_screen_section=&#8221;no&#8221; type=&#8221;full_width&#8221; angled_section=&#8221;no&#8221; text_align=&#8221;left&#8221; background_image_as_pattern=&#8221;without_pattern&#8221; z_index=&#8221;&#8221;][vc_column][vc_empty_space height=&#8221;60&#8243;][vc_column_text]<\/p>\n<h2 style=\"text-align: center;\"><span style=\"color: #333333;\"><strong>ELs nostres serveis<\/strong><\/span><\/h2>\n<p>[\/vc_column_text][vc_separator type=&#8221;small&#8221; position=&#8221;center&#8221; color=&#8221;#818181&#8243; thickness=&#8221;1,5&#8243; width=&#8221;20&#8243;][vc_empty_space][\/vc_column][\/vc_row][vc_row css_animation=&#8221;element_from_bottom&#8221; row_type=&#8221;row&#8221; use_row_as_full_screen_section=&#8221;no&#8221; type=&#8221;grid&#8221; angled_section=&#8221;no&#8221; text_align=&#8221;left&#8221; background_image_as_pattern=&#8221;without_pattern&#8221; z_index=&#8221;&#8221;][vc_column width=&#8221;1\/6&#8243;]<div class=\"q_icon_list\"><i class=\"qode_icon_font_awesome fa fa-check qode-ili-icon-holder transparent\" style=\"color: #818181;\" ><\/i><p style=\"color:#818181;\">Perruqueria<\/p><\/div>[\/vc_column][vc_column width=&#8221;1\/6&#8243;]<div class=\"q_icon_list\"><i class=\"qode_icon_font_awesome fa fa-check qode-ili-icon-holder transparent\" style=\"color: #818181;\" ><\/i><p style=\"color:#818181;\">Treball social<\/p><\/div>[\/vc_column][vc_column width=&#8221;1\/6&#8243;]<div class=\"q_icon_list\"><i class=\"qode_icon_font_awesome fa fa-check qode-ili-icon-holder transparent\" style=\"color: #818181;\" ><\/i><p style=\"color:#818181;\">Servei religi\u00f3s<\/p><\/div>[\/vc_column][vc_column width=&#8221;1\/6&#8243;]<div class=\"q_icon_list\"><i class=\"qode_icon_font_awesome fa fa-check qode-ili-icon-holder transparent\" style=\"color: #818181;\" ><\/i><p style=\"color:#818181;\">Bugaderia<\/p><\/div>[\/vc_column][vc_column width=&#8221;1\/6&#8243;]<div class=\"q_icon_list\"><i class=\"qode_icon_font_awesome fa fa-check qode-ili-icon-holder transparent\" style=\"color: #818181;\" ><\/i><p style=\"color:#818181;\">Manteniment<\/p><\/div>[\/vc_column][vc_column width=&#8221;1\/6&#8243;]<div class=\"q_icon_list\"><i class=\"qode_icon_font_awesome fa fa-check qode-ili-icon-holder transparent\" style=\"color: #818181;\" ><\/i><p style=\"color:#818181;\">Odontologia<\/p><\/div>[\/vc_column][\/vc_row][vc_row css_animation=&#8221;element_from_bottom&#8221; row_type=&#8221;row&#8221; use_row_as_full_screen_section=&#8221;no&#8221; type=&#8221;grid&#8221; angled_section=&#8221;no&#8221; text_align=&#8221;left&#8221; background_image_as_pattern=&#8221;without_pattern&#8221; z_index=&#8221;&#8221;][vc_column width=&#8221;1\/6&#8243;]<div class=\"q_icon_list\"><i class=\"qode_icon_font_awesome fa fa-check qode-ili-icon-holder transparent\" style=\"color: #818181;\" ><\/i><p style=\"color:#818181;\">Assessorament familiar<\/p><\/div>[\/vc_column][vc_column width=&#8221;1\/6&#8243;]<div class=\"q_icon_list\"><i class=\"qode_icon_font_awesome fa fa-check qode-ili-icon-holder transparent\" style=\"color: #818181;\" ><\/i><p style=\"color:#818181;\">Atenci\u00f3 i suport a les fam\u00edlies<\/p><\/div>[\/vc_column][vc_column width=&#8221;1\/6&#8243;]<div class=\"q_icon_list\"><i class=\"qode_icon_font_awesome fa fa-check qode-ili-icon-holder transparent\" style=\"color: #818181;\" ><\/i><p style=\"color:#818181;\">Cuina propia<\/p><\/div>[\/vc_column][vc_column width=&#8221;1\/6&#8243;]<div class=\"q_icon_list\"><i class=\"qode_icon_font_awesome fa fa-check qode-ili-icon-holder transparent\" style=\"color: #818181;\" ><\/i><p style=\"color:#818181;\">Control nutricional i dietes adaptades<\/p><\/div>[\/vc_column][vc_column width=&#8221;1\/6&#8243;]<div class=\"q_icon_list\"><i class=\"qode_icon_font_awesome fa fa-check qode-ili-icon-holder transparent\" style=\"color: #818181;\" ><\/i><p style=\"color:#818181;\">Podolog\u00eda<\/p><\/div>[\/vc_column][vc_column width=&#8221;1\/6&#8243;]<div class=\"q_icon_list\"><i class=\"qode_icon_font_awesome fa fa-check qode-ili-icon-holder transparent\" style=\"color: #818181;\" ><\/i><p style=\"color:#818181;\">Ajudes t\u00e8cniques<\/p><\/div>[\/vc_column][\/vc_row][vc_row css_animation=&#8221;element_from_bottom&#8221; row_type=&#8221;row&#8221; use_row_as_full_screen_section=&#8221;no&#8221; type=&#8221;grid&#8221; angled_section=&#8221;no&#8221; text_align=&#8221;left&#8221; background_image_as_pattern=&#8221;without_pattern&#8221; z_index=&#8221;&#8221;][vc_column width=&#8221;1\/6&#8243;]<div class=\"q_icon_list\"><i class=\"qode_icon_font_awesome fa fa-check qode-ili-icon-holder transparent\" style=\"color: #818181;\" ><\/i><p style=\"color:#818181;\">Metge<\/p><\/div>[\/vc_column][vc_column width=&#8221;1\/6&#8243;]<div class=\"q_icon_list\"><i class=\"qode_icon_font_awesome fa fa-check qode-ili-icon-holder transparent\" style=\"color: #818181;\" ><\/i><p style=\"color:#818181;\">Infermeria<\/p><\/div>[\/vc_column][vc_column width=&#8221;1\/6&#8243;]<div class=\"q_icon_list\"><i class=\"qode_icon_font_awesome fa fa-check qode-ili-icon-holder transparent\" style=\"color: #818181;\" ><\/i><p style=\"color:#818181;\">Psicologia<\/p><\/div>[\/vc_column][vc_column width=&#8221;1\/6&#8243;]<div class=\"q_icon_list\"><i class=\"qode_icon_font_awesome fa fa-check qode-ili-icon-holder transparent\" style=\"color: #818181;\" ><\/i><p style=\"color:#818181;\">Optometrista<\/p><\/div>[\/vc_column][vc_column width=&#8221;1\/6&#8243;]<div class=\"q_icon_list\"><i class=\"qode_icon_font_awesome fa fa-check qode-ili-icon-holder transparent\" style=\"color: #818181;\" ><\/i><p style=\"color:#818181;\">Acompanyament<\/p><\/div>[\/vc_column][vc_column width=&#8221;1\/6&#8243;][\/vc_column][\/vc_row][vc_row css_animation=&#8221;&#8221; row_type=&#8221;row&#8221; use_row_as_full_screen_section=&#8221;no&#8221; type=&#8221;full_width&#8221; angled_section=&#8221;no&#8221; text_align=&#8221;left&#8221; background_image_as_pattern=&#8221;without_pattern&#8221; z_index=&#8221;&#8221;][vc_column][vc_empty_space height=&#8221;60&#8243;][vc_column_text]<\/p>\n<h2 style=\"text-align: center;\"><span style=\"color: #333333;\"><strong>Activitats que realitzem<\/strong><\/span><\/h2>\n<p>[\/vc_column_text][vc_separator type=&#8221;small&#8221; position=&#8221;center&#8221; color=&#8221;#818181&#8243; thickness=&#8221;1,5&#8243; width=&#8221;20&#8243;][vc_empty_space][\/vc_column][\/vc_row][vc_row css_animation=&#8221;element_from_bottom&#8221; row_type=&#8221;row&#8221; use_row_as_full_screen_section=&#8221;no&#8221; type=&#8221;grid&#8221; angled_section=&#8221;no&#8221; text_align=&#8221;left&#8221; background_image_as_pattern=&#8221;without_pattern&#8221; z_index=&#8221;&#8221;][vc_column width=&#8221;1\/5&#8243;]<div class=\"q_icon_list\"><i class=\"qode_icon_font_awesome fa fa-check qode-ili-icon-holder transparent\" style=\"color: #818181;\" ><\/i><p style=\"color:#818181;\">Psicomotricitat<\/p><\/div>[\/vc_column][vc_column width=&#8221;1\/5&#8243;]<div class=\"q_icon_list\"><i class=\"qode_icon_font_awesome fa fa-check qode-ili-icon-holder transparent\" style=\"color: #818181;\" ><\/i><p style=\"color:#818181;\">Estimulaci\u00f3 cognitiva<\/p><\/div>[\/vc_column][vc_column width=&#8221;1\/5&#8243;]<div class=\"q_icon_list\"><i class=\"qode_icon_font_awesome fa fa-check qode-ili-icon-holder transparent\" style=\"color: #818181;\" ><\/i><p style=\"color:#818181;\">Tallers de mem\u00f2ria<\/p><\/div>[\/vc_column][vc_column width=&#8221;1\/5&#8243;]<div class=\"q_icon_list\"><i class=\"qode_icon_font_awesome fa fa-check qode-ili-icon-holder transparent\" style=\"color: #818181;\" ><\/i><p style=\"color:#818181;\">Activitats i jocs l\u00fadics<\/p><\/div>[\/vc_column][vc_column width=&#8221;1\/5&#8243;]<div class=\"q_icon_list\"><i class=\"qode_icon_font_awesome fa fa-check qode-ili-icon-holder transparent\" style=\"color: #818181;\" ><\/i><p style=\"color:#818181;\">Sortides i excursions<\/p><\/div>[\/vc_column][\/vc_row][vc_row css_animation=&#8221;&#8221; row_type=&#8221;row&#8221; use_row_as_full_screen_section=&#8221;no&#8221; type=&#8221;full_width&#8221; angled_section=&#8221;no&#8221; text_align=&#8221;left&#8221; background_image_as_pattern=&#8221;without_pattern&#8221;][vc_column][vc_empty_space height=&#8221;60px&#8221;][\/vc_column][\/vc_row][vc_row css_animation=&#8221;&#8221; row_type=&#8221;row&#8221; use_row_as_full_screen_section=&#8221;no&#8221; type=&#8221;full_width&#8221; angled_section=&#8221;no&#8221; text_align=&#8221;left&#8221; background_image_as_pattern=&#8221;without_pattern&#8221; css=&#8221;.vc_custom_1669120508433{background-color: #41564e !important;}&#8221; z_index=&#8221;&#8221;][vc_column][vc_empty_space][vc_single_image image=&#8221;2072&#8243; img_size=&#8221;630&#215;490&#8243; alignment=&#8221;center&#8221; qode_css_animation=&#8221;&#8221; qode_hover_animation=&#8221;zoom_in&#8221;][vc_empty_space][\/vc_column][\/vc_row][vc_row css_animation=&#8221;&#8221; row_type=&#8221;row&#8221; use_row_as_full_screen_section=&#8221;no&#8221; type=&#8221;grid&#8221; angled_section=&#8221;no&#8221; text_align=&#8221;left&#8221; background_image_as_pattern=&#8221;without_pattern&#8221; css=&#8221;.vc_custom_1669120492785{background-color: #41564e !important;}&#8221; z_index=&#8221;&#8221;][vc_column width=&#8221;1\/2&#8243;][vc_video link=&#8221;https:\/\/www.youtube.com\/watch?v=ABN0_RsVoOk&#8221; el_width=&#8221;70&#8243; align=&#8221;center&#8221;][vc_empty_space height=&#8221;15px&#8221;][\/vc_column][vc_column width=&#8221;1\/2&#8243;][vc_video link=&#8221;https:\/\/www.youtube.com\/watch?v=SMP1c522HrM&#8221; el_width=&#8221;70&#8243; align=&#8221;center&#8221;][vc_empty_space height=&#8221;15px&#8221;][\/vc_column][\/vc_row][vc_row css_animation=&#8221;&#8221; row_type=&#8221;row&#8221; use_row_as_full_screen_section=&#8221;no&#8221; type=&#8221;grid&#8221; angled_section=&#8221;no&#8221; text_align=&#8221;left&#8221; background_image_as_pattern=&#8221;without_pattern&#8221; css=&#8221;.vc_custom_1669120500379{background-color: #41564e !important;}&#8221; z_index=&#8221;&#8221;][vc_column width=&#8221;1\/2&#8243;][vc_video link=&#8221;https:\/\/www.youtube.com\/watch?v=p25NKexoX1Q&#8221; el_width=&#8221;70&#8243; align=&#8221;center&#8221;][vc_empty_space height=&#8221;15px&#8221;][\/vc_column][vc_column width=&#8221;1\/2&#8243;][vc_video link=&#8221;https:\/\/www.youtube.com\/watch?v=0Jwj1zJ6oAw&#8221; el_width=&#8221;70&#8243; align=&#8221;center&#8221;][vc_empty_space][\/vc_column][\/vc_row][vc_row css_animation=&#8221;&#8221; row_type=&#8221;row&#8221; use_row_as_full_screen_section=&#8221;no&#8221; type=&#8221;full_width&#8221; angled_section=&#8221;no&#8221; text_align=&#8221;left&#8221; background_image_as_pattern=&#8221;without_pattern&#8221; z_index=&#8221;&#8221; background_image=&#8221;1983&#8243;][vc_column][vc_empty_space height=&#8221;250px&#8221;][vc_column_text]<\/p>\n<div style=\"text-align: center;\">\n<h2 style=\"background: #ffffffe8; display: inline-block; padding: 0px 10px;\"><span style=\"color: #d66e50;\">RESID\u00c8NCIA GEROS<\/span><\/h2>\n<p><a class=\"qbutton medium center enlarge\" style=\"color: #ffffff; border-color: #d66e50; background-color: #d66e50; padding-left: 23px; padding-right: 23px; margin-top: 20px;\" href=\"https:\/\/residenciageros.com\/ca\/contacta\/\" target=\"_self\" rel=\"noopener\" data-hover-background-color=\"#d66e50\" data-hover-border-color=\"#d66e50\" data-hover-color=\"#ffffff\">CONTACTA AMB NOSALTRES \u00bb<\/a><\/div>\n<p>[\/vc_column_text][vc_empty_space height=&#8221;250&#8243;][\/vc_column][\/vc_row]<\/p>\n<\/div>","protected":false},"excerpt":{"rendered":"<p>[vc_row css_animation=&#8221;element_from_bottom&#8221; row_type=&#8221;row&#8221; use_row_as_full_screen_section=&#8221;no&#8221; type=&#8221;full_width&#8221; angled_section=&#8221;no&#8221; text_align=&#8221;left&#8221; background_image_as_pattern=&#8221;without_pattern&#8221; css=&#8221;.vc_custom_1669116730352{background-color: #41564e !important;}&#8221; z_index=&#8221;&#8221;][vc_column][vc_empty_space height=&#8221;60&#8243;][vc_column_text] Serveis [\/vc_column_text][vc_separator type=&#8221;small&#8221; position=&#8221;center&#8221; color=&#8221;#ffffff&#8221; thickness=&#8221;1,5&#8243; width=&#8221;20&#8243;][\/vc_column][\/vc_row][vc_row css_animation=&#8221;&#8221; row_type=&#8221;row&#8221; use_row_as_full_screen_section=&#8221;no&#8221; type=&#8221;full_width&#8221; angled_section=&#8221;no&#8221; text_align=&#8221;left&#8221; background_image_as_pattern=&#8221;without_pattern&#8221; z_index=&#8221;&#8221;][vc_column][vc_empty_space height=&#8221;60px&#8221;][vc_column_text css=&#8221;.vc_custom_1678287024441{padding-right: 50px !important;padding-left: 50px !important;}&#8221;]A la resid\u00e8ncia\u00a0Geros\u00a0oferim i complementem uns serveis personalitzats, adaptats a les necessitats&#8230;<\/p>\n","protected":false},"author":2,"featured_media":0,"parent":0,"menu_order":0,"comment_status":"closed","ping_status":"closed","template":"full_width.php","meta":{"footnotes":""},"yst_prominent_words":[],"class_list":["post-951","page","type-page","status-publish","hentry"],"_links":{"self":[{"href":"https:\/\/residenciageros.com\/ca\/wp-json\/wp\/v2\/pages\/951","targetHints":{"allow":["GET"]}}],"collection":[{"href":"https:\/\/residenciageros.com\/ca\/wp-json\/wp\/v2\/pages"}],"about":[{"href":"https:\/\/residenciageros.com\/ca\/wp-json\/wp\/v2\/types\/page"}],"author":[{"embeddable":true,"href":"https:\/\/residenciageros.com\/ca\/wp-json\/wp\/v2\/users\/2"}],"replies":[{"embeddable":true,"href":"https:\/\/residenciageros.com\/ca\/wp-json\/wp\/v2\/comments?post=951"}],"version-history":[{"count":25,"href":"https:\/\/residenciageros.com\/ca\/wp-json\/wp\/v2\/pages\/951\/revisions"}],"predecessor-version":[{"id":2217,"href":"https:\/\/residenciageros.com\/ca\/wp-json\/wp\/v2\/pages\/951\/revisions\/2217"}],"wp:attachment":[{"href":"https:\/\/residenciageros.com\/ca\/wp-json\/wp\/v2\/media?parent=951"}],"wp:term":[{"taxonomy":"yst_prominent_words","embeddable":true,"href":"https:\/\/residenciageros.com\/ca\/wp-json\/wp\/v2\/yst_prominent_words?post=951"}],"curies":[{"name":"wp","href":"https:\/\/api.w.org\/{rel}","templated":true}]}}