{"id":971,"date":"2021-06-03T12:45:54","date_gmt":"2021-06-03T12:45:54","guid":{"rendered":"https:\/\/residenciageros.com\/?page_id=971"},"modified":"2023-03-15T11:12:42","modified_gmt":"2023-03-15T11:12:42","slug":"instal%c2%b7lacions","status":"publish","type":"page","link":"https:\/\/residenciageros.com\/ca\/instal%c2%b7lacions\/","title":{"rendered":"Instal\u00b7lacions"},"content":{"rendered":"<div class=\"wpb-content-wrapper\"><p>[vc_row css_animation=&#8221;element_from_bottom&#8221; row_type=&#8221;row&#8221; use_row_as_full_screen_section=&#8221;no&#8221; type=&#8221;grid&#8221; angled_section=&#8221;no&#8221; text_align=&#8221;center&#8221; background_image_as_pattern=&#8221;without_pattern&#8221; z_index=&#8221;&#8221; css=&#8221;.vc_custom_1669037174020{background-color: #41564e !important;}&#8221;][vc_column][vc_empty_space height=&#8221;60px&#8221;][vc_column_text]<\/p>\n<h1 style=\"text-align: center;\"><span style=\"color: #ffffff;\"><strong>Instal-lacions<\/strong><\/span><\/h1>\n<p>[\/vc_column_text][vc_separator type=&#8221;small&#8221; position=&#8221;center&#8221; color=&#8221;#ffffff&#8221; thickness=&#8221;1,5&#8243; width=&#8221;20&#8243;][\/vc_column][\/vc_row][vc_row css_animation=&#8221;element_from_bottom&#8221; row_type=&#8221;row&#8221; use_row_as_full_screen_section=&#8221;no&#8221; type=&#8221;grid&#8221; angled_section=&#8221;no&#8221; text_align=&#8221;center&#8221; background_image_as_pattern=&#8221;without_pattern&#8221; z_index=&#8221;&#8221;][vc_column][vc_empty_space height=&#8221;60px&#8221;][\/vc_column][\/vc_row][vc_row css_animation=&#8221;element_from_bottom&#8221; row_type=&#8221;row&#8221; use_row_as_full_screen_section=&#8221;no&#8221; type=&#8221;grid&#8221; angled_section=&#8221;no&#8221; text_align=&#8221;center&#8221; background_image_as_pattern=&#8221;without_pattern&#8221; z_index=&#8221;&#8221;][vc_column width=&#8221;1\/2&#8243;][vc_single_image image=&#8221;2021&#8243; img_size=&#8221;530&#215;290&#8243; qode_css_animation=&#8221;&#8221; qode_hover_animation=&#8221;zoom_in&#8221;][vc_empty_space height=&#8221;10&#8243;][vc_single_image image=&#8221;2023&#8243; img_size=&#8221;530&#215;290&#8243; qode_css_animation=&#8221;&#8221; qode_hover_animation=&#8221;zoom_in&#8221;][vc_empty_space height=&#8221;10&#8243;][\/vc_column][vc_column width=&#8221;1\/2&#8243;][vc_single_image image=&#8221;2009&#8243; img_size=&#8221;530X590&#8243; qode_css_animation=&#8221;&#8221; qode_hover_animation=&#8221;zoom_in&#8221;][vc_empty_space height=&#8221;10&#8243;][\/vc_column][\/vc_row][vc_row css_animation=&#8221;element_from_bottom&#8221; row_type=&#8221;row&#8221; use_row_as_full_screen_section=&#8221;no&#8221; type=&#8221;grid&#8221; angled_section=&#8221;no&#8221; text_align=&#8221;center&#8221; background_image_as_pattern=&#8221;without_pattern&#8221; z_index=&#8221;&#8221;][vc_column][vc_empty_space height=&#8221;50&#8243;][\/vc_column][\/vc_row][vc_row css_animation=&#8221;&#8221; row_type=&#8221;row&#8221; use_row_as_full_screen_section=&#8221;no&#8221; type=&#8221;grid&#8221; angled_section=&#8221;no&#8221; text_align=&#8221;left&#8221; background_image_as_pattern=&#8221;without_pattern&#8221; z_index=&#8221;&#8221; css=&#8221;.vc_custom_1669114403554{background-color: #d66e50 !important;}&#8221;][vc_column][vc_empty_space height=&#8221;50px&#8221;][\/vc_column][\/vc_row][vc_row css_animation=&#8221;element_from_bottom&#8221; row_type=&#8221;row&#8221; use_row_as_full_screen_section=&#8221;no&#8221; type=&#8221;grid&#8221; angled_section=&#8221;no&#8221; text_align=&#8221;left&#8221; background_image_as_pattern=&#8221;without_pattern&#8221; css=&#8221;.vc_custom_1669115774852{background-color: #d66e50 !important;}&#8221; z_index=&#8221;&#8221;][vc_column width=&#8221;1\/4&#8243;]<div class=\"q_icon_list\"><i class=\"qode_icon_font_awesome fa fa-check qode-ili-icon-holder transparent\" style=\"color: #ffffff;\" ><\/i><p style=\"color:#ffffff;\">Acc\u00e9s 100% cadira de rodes<\/p><\/div>[\/vc_column][vc_column width=&#8221;1\/4&#8243;]<div class=\"q_icon_list\"><i class=\"qode_icon_font_awesome fa fa-check qode-ili-icon-holder transparent\" style=\"color: #ffffff;\" ><\/i><p style=\"color:#ffffff;\">Habitacions individuals<\/p><\/div>[\/vc_column][vc_column width=&#8221;1\/4&#8243;]<div class=\"q_icon_list\"><i class=\"qode_icon_font_awesome fa fa-check qode-ili-icon-holder transparent\" style=\"color: #ffffff;\" ><\/i><p style=\"color:#ffffff;\">Habitacions dobles<\/p><\/div>[\/vc_column][vc_column width=&#8221;1\/4&#8243;]<div class=\"q_icon_list\"><i class=\"qode_icon_font_awesome fa fa-check qode-ili-icon-holder transparent\" style=\"color: #ffffff;\" ><\/i><p style=\"color:#ffffff;\">Banys adaptats<\/p><\/div>[\/vc_column][\/vc_row][vc_row css_animation=&#8221;element_from_bottom&#8221; row_type=&#8221;row&#8221; use_row_as_full_screen_section=&#8221;no&#8221; type=&#8221;grid&#8221; angled_section=&#8221;no&#8221; text_align=&#8221;left&#8221; background_image_as_pattern=&#8221;without_pattern&#8221; css=&#8221;.vc_custom_1669115784605{background-color: #d66e50 !important;}&#8221; z_index=&#8221;&#8221;][vc_column width=&#8221;1\/4&#8243;]<div class=\"q_icon_list\"><i class=\"qode_icon_font_awesome fa fa-check qode-ili-icon-holder transparent\" style=\"color: #ffffff;\" ><\/i><p style=\"color:#ffffff;\">Cuia pr\u00f2pia<\/p><\/div>[\/vc_column][vc_column width=&#8221;1\/4&#8243;]<div class=\"q_icon_list\"><i class=\"qode_icon_font_awesome fa fa-check qode-ili-icon-holder transparent\" style=\"color: #ffffff;\" ><\/i><p style=\"color:#ffffff;\">Ascensor<\/p><\/div>[\/vc_column][vc_column width=&#8221;1\/4&#8243;]<div class=\"q_icon_list\"><i class=\"qode_icon_font_awesome fa fa-check qode-ili-icon-holder transparent\" style=\"color: #ffffff;\" ><\/i><p style=\"color:#ffffff;\">Zones comunes<\/p><\/div>[\/vc_column][vc_column width=&#8221;1\/4&#8243;]<div class=\"q_icon_list\"><i class=\"qode_icon_font_awesome fa fa-check qode-ili-icon-holder transparent\" style=\"color: #ffffff;\" ><\/i><p style=\"color:#ffffff;\">Sala reunions<\/p><\/div>[\/vc_column][\/vc_row][vc_row css_animation=&#8221;&#8221; row_type=&#8221;row&#8221; use_row_as_full_screen_section=&#8221;no&#8221; type=&#8221;grid&#8221; angled_section=&#8221;no&#8221; text_align=&#8221;left&#8221; background_image_as_pattern=&#8221;without_pattern&#8221; z_index=&#8221;&#8221; css=&#8221;.vc_custom_1669114403554{background-color: #d66e50 !important;}&#8221;][vc_column][vc_empty_space height=&#8221;50px&#8221;][\/vc_column][\/vc_row][vc_row css_animation=&#8221;element_from_bottom&#8221; row_type=&#8221;row&#8221; use_row_as_full_screen_section=&#8221;no&#8221; type=&#8221;grid&#8221; angled_section=&#8221;no&#8221; text_align=&#8221;center&#8221; background_image_as_pattern=&#8221;without_pattern&#8221; z_index=&#8221;&#8221;][vc_column][vc_empty_space height=&#8221;50&#8243;][vc_column_text]<span style=\"color: #333333;\">Els nostres espais, tan privats com els de conviv\u00e8ncia, estan pensats i dissenyats per poder gaudir tant de la companyia d&#8217;altres residents, de la companyia de les visites i familiars, com de moments de pau i recolliment personal.<\/span><\/p>\n<p>&nbsp;<\/p>\n<p><span style=\"color: #333333;\"><strong>Disposem\u00a0d&#8217;habitacions\u00a0dobles i individuals i molt\u00edssima llum<\/strong>. Les habitacions estan equipades amb tot el necessari per al benestar dels nostres majors i per atendre les vostres necessitats\u00a0espec\u00edfiques, segons el seu grau de depend\u00e8ncia.<\/span><\/p>\n<p>&nbsp;<\/p>\n<p><span style=\"color: #333333;\">A m\u00e9s, <strong>la nostra ubicaci\u00f3 privilegiada al Centre de Barcelona<\/strong> fa que la nostra gent gran i les seves fam\u00edlies puguin gaudir d&#8217;agradables passejades pel nucli hist\u00f2ric de la ciutat i poder accedir a totes les zones verdes de la zona. En aquest sentit, la nostra resid\u00e8ncia\u00a0<span class=\"hiddenSpellError\">Geros<\/span>\u00a0proporciona la calor duna llar, amb la professionalitat d&#8217;un equip\u00a0<span class=\"hiddenGrammarError\">multidisciplinar<\/span>\u00a0comprom\u00e8s i amb una ubicaci\u00f3 absolutament privilegiada.<\/span>[\/vc_column_text][vc_empty_space height=&#8221;50&#8243;][\/vc_column][\/vc_row][vc_row css_animation=&#8221;element_from_bottom&#8221; row_type=&#8221;row&#8221; use_row_as_full_screen_section=&#8221;no&#8221; type=&#8221;grid&#8221; angled_section=&#8221;no&#8221; text_align=&#8221;center&#8221; background_image_as_pattern=&#8221;without_pattern&#8221; z_index=&#8221;&#8221; css=&#8221;.vc_custom_1669115893864{background-color: #d66e50 !important;}&#8221;][vc_column][vc_empty_space height=&#8221;32&#8243;][vc_video link=&#8221;https:\/\/www.youtube.com\/watch?v=JlEFUoLyPnY&#8221; el_width=&#8221;50&#8243; align=&#8221;center&#8221;][vc_empty_space height=&#8221;32&#8243;][\/vc_column][\/vc_row][vc_row css_animation=&#8221;element_from_bottom&#8221; row_type=&#8221;row&#8221; use_row_as_full_screen_section=&#8221;no&#8221; type=&#8221;grid&#8221; angled_section=&#8221;no&#8221; text_align=&#8221;center&#8221; background_image_as_pattern=&#8221;without_pattern&#8221; z_index=&#8221;&#8221;][vc_column][vc_empty_space height=&#8221;50&#8243;][\/vc_column][\/vc_row][vc_row css_animation=&#8221;element_from_bottom&#8221; row_type=&#8221;row&#8221; use_row_as_full_screen_section=&#8221;no&#8221; type=&#8221;grid&#8221; angled_section=&#8221;no&#8221; text_align=&#8221;center&#8221; background_image_as_pattern=&#8221;without_pattern&#8221; z_index=&#8221;&#8221;][vc_column width=&#8221;1\/2&#8243;][vc_single_image image=&#8221;2035&#8243; img_size=&#8221;530X590&#8243; qode_css_animation=&#8221;&#8221; qode_hover_animation=&#8221;zoom_in&#8221;][vc_empty_space height=&#8221;10&#8243;][\/vc_column][vc_column width=&#8221;1\/2&#8243;][vc_single_image image=&#8221;2019&#8243; img_size=&#8221;530&#215;290&#8243; qode_css_animation=&#8221;&#8221; qode_hover_animation=&#8221;zoom_in&#8221;][vc_empty_space height=&#8221;10&#8243;][vc_single_image image=&#8221;2041&#8243; img_size=&#8221;530&#215;290&#8243; qode_css_animation=&#8221;&#8221; qode_hover_animation=&#8221;zoom_in&#8221;][\/vc_column][\/vc_row][vc_row css_animation=&#8221;element_from_bottom&#8221; row_type=&#8221;row&#8221; use_row_as_full_screen_section=&#8221;no&#8221; type=&#8221;grid&#8221; angled_section=&#8221;no&#8221; text_align=&#8221;center&#8221; background_image_as_pattern=&#8221;without_pattern&#8221; z_index=&#8221;&#8221;][vc_column][vc_empty_space height=&#8221;50&#8243;][\/vc_column][\/vc_row][vc_row css_animation=&#8221;&#8221; row_type=&#8221;row&#8221; use_row_as_full_screen_section=&#8221;no&#8221; type=&#8221;full_width&#8221; angled_section=&#8221;no&#8221; text_align=&#8221;left&#8221; background_image_as_pattern=&#8221;without_pattern&#8221; z_index=&#8221;&#8221; background_image=&#8221;2030&#8243;][vc_column][vc_empty_space height=&#8221;200px&#8221;][vc_column_text]<\/p>\n<div style=\"text-align: center;\">\n<h2 style=\"background: #ffffffe8; display: inline-block; padding: 0px 10px;\"><span style=\"color: #d66e50;\">SERVEIS QUE OFERIM<\/span><\/h2>\n<p><a class=\"qbutton medium center enlarge\" style=\"color: #ffffff; border-color: #d66e50; background-color: #d66e50; padding-left: 23px; padding-right: 23px; margin-top: 20px;\" href=\"https:\/\/residenciageros.com\/ca\/serveis\/\" target=\"_self\" rel=\"noopener\" data-hover-background-color=\"#d66e50\" data-hover-border-color=\"#d66e50\" data-hover-color=\"#ffffff\">M\u00c9S INFORMACI\u00d3 \u00bb<\/a><\/p>\n<\/div>\n<p>[\/vc_column_text][vc_empty_space height=&#8221;200px&#8221;][\/vc_column][\/vc_row]<\/p>\n<\/div>","protected":false},"excerpt":{"rendered":"<p>[vc_row css_animation=&#8221;element_from_bottom&#8221; row_type=&#8221;row&#8221; use_row_as_full_screen_section=&#8221;no&#8221; type=&#8221;grid&#8221; angled_section=&#8221;no&#8221; text_align=&#8221;center&#8221; background_image_as_pattern=&#8221;without_pattern&#8221; z_index=&#8221;&#8221; css=&#8221;.vc_custom_1669037174020{background-color: #41564e !important;}&#8221;][vc_column][vc_empty_space height=&#8221;60px&#8221;][vc_column_text] Instal-lacions [\/vc_column_text][vc_separator type=&#8221;small&#8221; position=&#8221;center&#8221; color=&#8221;#ffffff&#8221; thickness=&#8221;1,5&#8243; width=&#8221;20&#8243;][\/vc_column][\/vc_row][vc_row css_animation=&#8221;element_from_bottom&#8221; row_type=&#8221;row&#8221; use_row_as_full_screen_section=&#8221;no&#8221; type=&#8221;grid&#8221; angled_section=&#8221;no&#8221; text_align=&#8221;center&#8221; background_image_as_pattern=&#8221;without_pattern&#8221; z_index=&#8221;&#8221;][vc_column][vc_empty_space height=&#8221;60px&#8221;][\/vc_column][\/vc_row][vc_row css_animation=&#8221;element_from_bottom&#8221; row_type=&#8221;row&#8221; use_row_as_full_screen_section=&#8221;no&#8221; type=&#8221;grid&#8221; angled_section=&#8221;no&#8221; text_align=&#8221;center&#8221; background_image_as_pattern=&#8221;without_pattern&#8221; z_index=&#8221;&#8221;][vc_column width=&#8221;1\/2&#8243;][vc_single_image image=&#8221;2021&#8243; img_size=&#8221;530&#215;290&#8243; qode_css_animation=&#8221;&#8221; qode_hover_animation=&#8221;zoom_in&#8221;][vc_empty_space height=&#8221;10&#8243;][vc_single_image image=&#8221;2023&#8243; img_size=&#8221;530&#215;290&#8243;&#8230;<\/p>\n","protected":false},"author":2,"featured_media":0,"parent":0,"menu_order":0,"comment_status":"closed","ping_status":"closed","template":"full_width.php","meta":{"footnotes":""},"yst_prominent_words":[],"class_list":["post-971","page","type-page","status-publish","hentry"],"_links":{"self":[{"href":"https:\/\/residenciageros.com\/ca\/wp-json\/wp\/v2\/pages\/971","targetHints":{"allow":["GET"]}}],"collection":[{"href":"https:\/\/residenciageros.com\/ca\/wp-json\/wp\/v2\/pages"}],"about":[{"href":"https:\/\/residenciageros.com\/ca\/wp-json\/wp\/v2\/types\/page"}],"author":[{"embeddable":true,"href":"https:\/\/residenciageros.com\/ca\/wp-json\/wp\/v2\/users\/2"}],"replies":[{"embeddable":true,"href":"https:\/\/residenciageros.com\/ca\/wp-json\/wp\/v2\/comments?post=971"}],"version-history":[{"count":27,"href":"https:\/\/residenciageros.com\/ca\/wp-json\/wp\/v2\/pages\/971\/revisions"}],"predecessor-version":[{"id":2178,"href":"https:\/\/residenciageros.com\/ca\/wp-json\/wp\/v2\/pages\/971\/revisions\/2178"}],"wp:attachment":[{"href":"https:\/\/residenciageros.com\/ca\/wp-json\/wp\/v2\/media?parent=971"}],"wp:term":[{"taxonomy":"yst_prominent_words","embeddable":true,"href":"https:\/\/residenciageros.com\/ca\/wp-json\/wp\/v2\/yst_prominent_words?post=971"}],"curies":[{"name":"wp","href":"https:\/\/api.w.org\/{rel}","templated":true}]}}